{"id":265,"date":"2024-09-21T15:34:50","date_gmt":"2024-09-21T15:34:50","guid":{"rendered":"https:\/\/hedgecreek.com\/?page_id=265"},"modified":"2026-03-26T18:19:29","modified_gmt":"2026-03-26T17:19:29","slug":"cookies","status":"publish","type":"page","link":"https:\/\/hedgecreek.com\/de\/cookies\/","title":{"rendered":"Cookies"},"content":{"rendered":"\t\t<div data-elementor-type=\"wp-page\" data-elementor-id=\"265\" class=\"elementor elementor-265\" data-elementor-post-type=\"page\">\n\t\t\t\t\t\t<section class=\"elementor-section elementor-top-section elementor-element elementor-element-866c6a3 elementor-section-height-min-height elementor-section-boxed elementor-section-height-default elementor-section-items-middle\" data-id=\"866c6a3\" data-element_type=\"section\" data-e-type=\"section\" data-settings=\"{&quot;background_background&quot;:&quot;classic&quot;}\">\n\t\t\t\t\t\t<div class=\"elementor-container elementor-column-gap-default\">\n\t\t\t\t\t<div class=\"elementor-column elementor-col-100 elementor-top-column elementor-element elementor-element-13ba83b9\" data-id=\"13ba83b9\" data-element_type=\"column\" data-e-type=\"column\">\n\t\t\t<div class=\"elementor-widget-wrap elementor-element-populated\">\n\t\t\t\t\t\t<div class=\"elementor-element elementor-element-59454982 elementor-widget elementor-widget-heading\" data-id=\"59454982\" data-element_type=\"widget\" data-e-type=\"widget\" data-widget_type=\"heading.default\">\n\t\t\t\t<div class=\"elementor-widget-container\">\n\t\t\t\t\t<h2 class=\"elementor-heading-title elementor-size-default\"><b>Cookies<\/b><\/h2>\t\t\t\t<\/div>\n\t\t\t\t<\/div>\n\t\t\t\t\t<\/div>\n\t\t<\/div>\n\t\t\t\t\t<\/div>\n\t\t<\/section>\n\t\t\t\t<section class=\"elementor-section elementor-top-section elementor-element elementor-element-7625110 elementor-section-boxed elementor-section-height-default elementor-section-height-default\" data-id=\"7625110\" data-element_type=\"section\" data-e-type=\"section\" data-settings=\"{&quot;background_background&quot;:&quot;classic&quot;}\">\n\t\t\t\t\t\t<div class=\"elementor-container elementor-column-gap-default\">\n\t\t\t\t\t<div class=\"elementor-column elementor-col-100 elementor-top-column elementor-element elementor-element-584c5b85\" data-id=\"584c5b85\" data-element_type=\"column\" data-e-type=\"column\">\n\t\t\t<div class=\"elementor-widget-wrap elementor-element-populated\">\n\t\t\t\t\t\t<div class=\"elementor-element elementor-element-5faf4e76 elementor-widget elementor-widget-heading\" data-id=\"5faf4e76\" data-element_type=\"widget\" data-e-type=\"widget\" data-widget_type=\"heading.default\">\n\t\t\t\t<div class=\"elementor-widget-container\">\n\t\t\t\t\t<h2 class=\"elementor-heading-title elementor-size-default\">Cookie-Richtlinie&nbsp;<\/h2>\t\t\t\t<\/div>\n\t\t\t\t<\/div>\n\t\t\t\t<div class=\"elementor-element elementor-element-7bf2c2cc elementor-widget elementor-widget-text-editor\" data-id=\"7bf2c2cc\" data-element_type=\"widget\" data-e-type=\"widget\" data-widget_type=\"text-editor.default\">\n\t\t\t\t<div class=\"elementor-widget-container\">\n\t\t\t\t\t\t\t\t\t<p style=\"font-weight: 400;\">Willkommen auf hedgecreek.com. Diese Website verwendet Cookies und vergleichbare Technologien, um die Funktionalit\u00e4t und Leistung der Website zu verbessern und Ihr Nutzungserlebnis zu optimieren. Diese Cookie-Richtlinie erkl\u00e4rt, was Cookies sind, wie wir sie verwenden und welche M\u00f6glichkeiten Sie bei der Verwaltung haben.<\/p>\n<p style=\"font-weight: 400;\"><strong>Was sind Cookies?<br>\n<\/strong>Cookies sind kleine Textdateien, die auf Ihrem Computer oder Mobilger\u00e4t gespeichert werden, wenn Sie eine Website besuchen. Sie werden h\u00e4ufig eingesetzt, um Websites effizient funktionieren zu lassen und den Betreibern Informationen bereitzustellen.<\/p>\n<p><strong>Welche Cookies verwenden wir?<br>\n<\/strong>Wir verwenden verschiedene Arten von Cookies f\u00fcr unterschiedliche Zwecke. Dazu geh\u00f6ren unter anderem:<\/p>\n<ul>\n<li style=\"font-weight: 400;\"><strong>Unbedingt erforderliche Cookies<\/strong>: Essenzielle Cookies, die f\u00fcr den Betrieb der Website und die Bereitstellung der von Ihnen angeforderten Dienste erforderlich sind.<\/li>\n<li style=\"font-weight: 400;\"><strong>Leistungs-Cookies<\/strong>: Cookies, die Informationen dar\u00fcber sammeln, wie Besucher die Website nutzen, z. B. welche Seiten am h\u00e4ufigsten besucht werden. Diese Daten werden verwendet, um die Website zu verbessern und an die Bed\u00fcrfnisse unserer Nutzer anzupassen.<\/li>\n<li style=\"font-weight: 400;\"><strong>Funktionale Cookies<\/strong>: Cookies, die es uns erm\u00f6glichen, Ihre Einstellungen (wie Benutzername, Sprache oder Region) zu speichern und Ihnen erweiterte, personalisierte Funktionen anzubieten.<\/li>\n<li style=\"font-weight: 400;\"><strong>Tracking-Cookies von Dritten<\/strong>: Cookies, die von Drittanbietern gesetzt werden, um Informationen \u00fcber Ihr Surfverhalten auf verschiedenen Seiten der Website zu sammeln.<\/li>\n<\/ul>\n<p style=\"font-weight: 400;\"><strong><br>\nWie k\u00f6nnen Sie Cookies verwalten?<\/strong><br>\nSie k\u00f6nnen Cookies \u00fcber die Einstellungen Ihres Browsers akzeptieren, ablehnen oder l\u00f6schen. In der Hilfe Ihres Browsers finden Sie Anleitungen dazu. Bitte beachten Sie, dass das Deaktivieren von Cookies die Funktionalit\u00e4t der Website beeintr\u00e4chtigen kann und einige Funktionen m\u00f6glicherweise nicht korrekt funktionieren.<\/p>\n<p style=\"font-weight: 400;\"><strong>\u00c4nderungen dieser Richtlinie<\/strong><br>\nWir behalten uns das Recht vor, diese Cookie-Richtlinie jederzeit zu \u00e4ndern oder zu aktualisieren. Die jeweils aktuelle Version ist stets auf der Website verf\u00fcgbar.<\/p>\n<p style=\"font-weight: 400;\"><strong>Fragen<br>\n<\/strong>Wenn Sie Fragen zu dieser Cookie-Richtlinie oder den Funktionalit\u00e4ten dieser Website haben, nehmen Sie bitte Kontakt mit uns auf. Durch die Nutzung unserer Website stimmen Sie der Verwendung von Cookies gem\u00e4\u00df dieser Richtlinie zu.<\/p><p style=\"font-weight: 400;\"><br><\/p>\t\t\t\t\t\t\t\t<\/div>\n\t\t\t\t<\/div>\n\t\t\t\t<div class=\"elementor-element elementor-element-36af5fb1 elementor-widget__width-inherit elementor-widget-mobile__width-inherit elementor-mobile-align-center elementor-align-center elementor-widget elementor-widget-button\" data-id=\"36af5fb1\" data-element_type=\"widget\" data-e-type=\"widget\" data-widget_type=\"button.default\">\n\t\t\t\t<div class=\"elementor-widget-container\">\n\t\t\t\t\t\t\t\t\t<div class=\"elementor-button-wrapper\">\n\t\t\t\t\t<a class=\"elementor-button elementor-button-link elementor-size-sm\" href=\"https:\/\/hedgecreek.com\/de\/kontakt\/\">\n\t\t\t\t\t\t<span class=\"elementor-button-content-wrapper\">\n\t\t\t\t\t\t\t\t\t<span class=\"elementor-button-text\">Kontakt<\/span>\n\t\t\t\t\t<\/span>\n\t\t\t\t\t<\/a>\n\t\t\t\t<\/div>\n\t\t\t\t\t\t\t\t<\/div>\n\t\t\t\t<\/div>\n\t\t\t\t\t<\/div>\n\t\t<\/div>\n\t\t\t\t\t<\/div>\n\t\t<\/section>\n\t\t\t\t<\/div>\n\t\t","protected":false},"excerpt":{"rendered":"<p>Cookies Cookie-Richtlinie&nbsp; Willkommen auf hedgecreek.com. Diese Website verwendet Cookies und vergleichbare Technologien, um die Funktionalit\u00e4t und Leistung der Website zu verbessern und Ihr Nutzungserlebnis zu optimieren. Diese Cookie-Richtlinie erkl\u00e4rt, was Cookies sind, wie wir sie verwenden und welche M\u00f6glichkeiten Sie bei der Verwaltung haben. Was sind Cookies? Cookies sind kleine Textdateien, die auf Ihrem Computer [&hellip;]<\/p>\n","protected":false},"author":3,"featured_media":0,"parent":0,"menu_order":0,"comment_status":"closed","ping_status":"closed","template":"","meta":{"footnotes":""},"class_list":["post-265","page","type-page","status-publish","hentry"],"_links":{"self":[{"href":"https:\/\/hedgecreek.com\/de\/wp-json\/wp\/v2\/pages\/265","targetHints":{"allow":["GET"]}}],"collection":[{"href":"https:\/\/hedgecreek.com\/de\/wp-json\/wp\/v2\/pages"}],"about":[{"href":"https:\/\/hedgecreek.com\/de\/wp-json\/wp\/v2\/types\/page"}],"author":[{"embeddable":true,"href":"https:\/\/hedgecreek.com\/de\/wp-json\/wp\/v2\/users\/3"}],"replies":[{"embeddable":true,"href":"https:\/\/hedgecreek.com\/de\/wp-json\/wp\/v2\/comments?post=265"}],"version-history":[{"count":9,"href":"https:\/\/hedgecreek.com\/de\/wp-json\/wp\/v2\/pages\/265\/revisions"}],"predecessor-version":[{"id":4310,"href":"https:\/\/hedgecreek.com\/de\/wp-json\/wp\/v2\/pages\/265\/revisions\/4310"}],"wp:attachment":[{"href":"https:\/\/hedgecreek.com\/de\/wp-json\/wp\/v2\/media?parent=265"}],"curies":[{"name":"wp","href":"https:\/\/api.w.org\/{rel}","templated":true}]}}